{"id":874,"date":"2025-12-07T11:22:38","date_gmt":"2025-12-07T10:22:38","guid":{"rendered":"https:\/\/akcnejc.cz\/?page_id=874"},"modified":"2025-12-07T13:43:05","modified_gmt":"2025-12-07T12:43:05","slug":"fotky-a-videa-mt","status":"publish","type":"page","link":"https:\/\/akcnejc.cz\/index.php\/fotky-a-videa-mt\/","title":{"rendered":"Fotky a videa"},"content":{"rendered":"\n<div class=\"wp-block-columns is-layout-flex wp-container-core-columns-is-layout-28f84493 wp-block-columns-is-layout-flex\">\n<div class=\"wp-block-column is-layout-flow wp-block-column-is-layout-flow\">\n<div class=\"wp-block-group ser-box wow zoomIn has-base-background-color has-background has-global-padding is-layout-constrained wp-container-core-group-is-layout-639b5052 wp-block-group-is-layout-constrained\" style=\"padding-top:0;padding-right:0;padding-bottom:0;padding-left:0\">\n<div class=\"wp-block-group ser-img-box has-global-padding is-layout-constrained wp-block-group-is-layout-constrained\">\n<figure class=\"wp-block-image alignfull size-full\"><img loading=\"lazy\" decoding=\"async\" width=\"1600\" height=\"1200\" src=\"https:\/\/akcnejc.cz\/wp-content\/uploads\/2025\/12\/PHOTO-2025-12-07-12-11-33-2.jpg\" alt=\"\" class=\"wp-image-975\" srcset=\"https:\/\/akcnejc.cz\/wp-content\/uploads\/2025\/12\/PHOTO-2025-12-07-12-11-33-2.jpg 1600w, https:\/\/akcnejc.cz\/wp-content\/uploads\/2025\/12\/PHOTO-2025-12-07-12-11-33-2-300x225.jpg 300w, https:\/\/akcnejc.cz\/wp-content\/uploads\/2025\/12\/PHOTO-2025-12-07-12-11-33-2-1024x768.jpg 1024w, https:\/\/akcnejc.cz\/wp-content\/uploads\/2025\/12\/PHOTO-2025-12-07-12-11-33-2-768x576.jpg 768w, https:\/\/akcnejc.cz\/wp-content\/uploads\/2025\/12\/PHOTO-2025-12-07-12-11-33-2-1536x1152.jpg 1536w\" sizes=\"auto, (max-width: 1600px) 100vw, 1600px\" \/><\/figure>\n\n\n\n<div class=\"wp-block-group price-box has-button-color-background-color has-background is-layout-flow wp-block-group-is-layout-flow\" style=\"border-radius:30px;margin-top:0;margin-bottom:0;padding-top:var(--wp--preset--spacing--20);padding-right:var(--wp--preset--spacing--50);padding-bottom:var(--wp--preset--spacing--20);padding-left:var(--wp--preset--spacing--50)\">\n<p class=\"has-text-align-center has-white-color has-text-color has-link-color wp-elements-0c5bdce3a76e1b1740ab9a6e5e00c4ad\" style=\"font-size:18px;font-style:normal;font-weight:500\"><a href=\"https:\/\/akcnejc.cz\/index.php\/2025-2\/\">Otev\u0159\u00edt<\/a><\/p>\n<\/div>\n<\/div>\n\n\n\n<div class=\"wp-block-group is-layout-flow wp-block-group-is-layout-flow\" style=\"margin-top:0;margin-bottom:0;padding-top:var(--wp--preset--spacing--50);padding-right:var(--wp--preset--spacing--60);padding-bottom:var(--wp--preset--spacing--50);padding-left:var(--wp--preset--spacing--60)\">\n<h5 class=\"wp-block-heading has-heading-color has-text-color has-link-color wp-elements-a9d70de229a45df485809555cb305fbf\" style=\"font-size:20px;font-style:normal;font-weight:600\">2025<\/h5>\n<\/div>\n<\/div>\n<\/div>\n\n\n\n<div class=\"wp-block-column is-layout-flow wp-block-column-is-layout-flow\">\n<div class=\"wp-block-group ser-box wow zoomIn has-base-background-color has-background has-global-padding is-layout-constrained wp-container-core-group-is-layout-639b5052 wp-block-group-is-layout-constrained\" style=\"padding-top:0;padding-right:0;padding-bottom:0;padding-left:0\">\n<div class=\"wp-block-group ser-img-box has-global-padding is-layout-constrained wp-block-group-is-layout-constrained\">\n<figure class=\"wp-block-image alignfull size-full\"><img loading=\"lazy\" decoding=\"async\" width=\"2048\" height=\"1536\" src=\"https:\/\/akcnejc.cz\/wp-content\/uploads\/2025\/12\/PHOTO-2024-08-29-12-25-34.jpg\" alt=\"\" class=\"wp-image-887\" srcset=\"https:\/\/akcnejc.cz\/wp-content\/uploads\/2025\/12\/PHOTO-2024-08-29-12-25-34.jpg 2048w, https:\/\/akcnejc.cz\/wp-content\/uploads\/2025\/12\/PHOTO-2024-08-29-12-25-34-300x225.jpg 300w, https:\/\/akcnejc.cz\/wp-content\/uploads\/2025\/12\/PHOTO-2024-08-29-12-25-34-1024x768.jpg 1024w, https:\/\/akcnejc.cz\/wp-content\/uploads\/2025\/12\/PHOTO-2024-08-29-12-25-34-768x576.jpg 768w, https:\/\/akcnejc.cz\/wp-content\/uploads\/2025\/12\/PHOTO-2024-08-29-12-25-34-1536x1152.jpg 1536w\" sizes=\"auto, (max-width: 2048px) 100vw, 2048px\" \/><\/figure>\n\n\n\n<div class=\"wp-block-group price-box has-button-color-background-color has-background is-layout-flow wp-block-group-is-layout-flow\" style=\"border-radius:30px;margin-top:0;margin-bottom:0;padding-top:var(--wp--preset--spacing--20);padding-right:var(--wp--preset--spacing--50);padding-bottom:var(--wp--preset--spacing--20);padding-left:var(--wp--preset--spacing--50)\">\n<p class=\"has-text-align-center has-white-color has-text-color has-link-color wp-elements-ea990e84d380cf305b04a0328431d212\" style=\"font-size:18px;font-style:normal;font-weight:500\"><a href=\"https:\/\/akcnejc.cz\/index.php\/2024-3\/\">Otev\u0159\u00edt<\/a><\/p>\n<\/div>\n<\/div>\n\n\n\n<div class=\"wp-block-group is-layout-flow wp-block-group-is-layout-flow\" style=\"margin-top:0;margin-bottom:0;padding-top:var(--wp--preset--spacing--50);padding-right:var(--wp--preset--spacing--60);padding-bottom:var(--wp--preset--spacing--50);padding-left:var(--wp--preset--spacing--60)\">\n<h5 class=\"wp-block-heading has-heading-color has-text-color has-link-color wp-elements-45fc0d5ee18889ea3ecc7baab0b574d1\" style=\"font-size:20px;font-style:normal;font-weight:600\">2024<\/h5>\n<\/div>\n<\/div>\n<\/div>\n<\/div>\n","protected":false},"excerpt":{"rendered":"<p>Otev\u0159\u00edt 2025 Otev\u0159\u00edt 2024<\/p>\n","protected":false},"author":1,"featured_media":0,"parent":0,"menu_order":0,"comment_status":"closed","ping_status":"closed","template":"","meta":{"footnotes":""},"class_list":["post-874","page","type-page","status-publish","hentry"],"_links":{"self":[{"href":"https:\/\/akcnejc.cz\/index.php\/wp-json\/wp\/v2\/pages\/874","targetHints":{"allow":["GET"]}}],"collection":[{"href":"https:\/\/akcnejc.cz\/index.php\/wp-json\/wp\/v2\/pages"}],"about":[{"href":"https:\/\/akcnejc.cz\/index.php\/wp-json\/wp\/v2\/types\/page"}],"author":[{"embeddable":true,"href":"https:\/\/akcnejc.cz\/index.php\/wp-json\/wp\/v2\/users\/1"}],"replies":[{"embeddable":true,"href":"https:\/\/akcnejc.cz\/index.php\/wp-json\/wp\/v2\/comments?post=874"}],"version-history":[{"count":3,"href":"https:\/\/akcnejc.cz\/index.php\/wp-json\/wp\/v2\/pages\/874\/revisions"}],"predecessor-version":[{"id":1005,"href":"https:\/\/akcnejc.cz\/index.php\/wp-json\/wp\/v2\/pages\/874\/revisions\/1005"}],"wp:attachment":[{"href":"https:\/\/akcnejc.cz\/index.php\/wp-json\/wp\/v2\/media?parent=874"}],"curies":[{"name":"wp","href":"https:\/\/api.w.org\/{rel}","templated":true}]}}