{"id":870,"date":"2025-12-06T19:06:48","date_gmt":"2025-12-06T18:06:48","guid":{"rendered":"https:\/\/akcnejc.cz\/?page_id=870"},"modified":"2026-01-02T12:16:12","modified_gmt":"2026-01-02T11:16:12","slug":"online-prihlaska-mt","status":"publish","type":"page","link":"https:\/\/akcnejc.cz\/index.php\/online-prihlaska-mt\/","title":{"rendered":"Online p\u0159ihl\u00e1\u0161ka"},"content":{"rendered":"\n<p><strong>Cena zahrnuje:<\/strong> celodenn\u00ed stravu (sva\u010dinu, ob\u011bd, sva\u010dinu) a pitn\u00fd re\u017eim, v\u00fdlety, celot\u00fddenn\u00ed interak\\vn\u00ed program, vstupn\u00e9,<br>t\u00e1borov\u00e9 d\u00e1rky, person\u00e1ln\u00ed zabezpe\u010den\u00ed<\/p>\n\n\n\n<p><strong>Zp\u016fsob \u00fahrady:<\/strong> Cena: 4000 K\u010d, platbu je nutn\u00e9 prov\u00e9st nejpozd\u011bji do 30.6.2025<\/p>\n\n\n\n<p><strong>Storno podm\u00ednky:<\/strong><\/p>\n\n\n\n<ul class=\"wp-block-list\">\n<li>p\u0159i odhl\u00e1\u0161en\u00ed d\u00edt\u011bte do 15.7.2025 storno 100 % z celkov\u00e9 ceny t\u00e1bora<\/li>\n\n\n\n<li>p\u0159i odhl\u00e1\u0161en\u00ed d\u00edt\u011bte od 15.7. do 31.7.2025 storno 50 % z celkov\u00e9 ceny t\u00e1bora<\/li>\n\n\n\n<li>p\u0159i odhl\u00e1\u0161en\u00ed d\u00edt\u011bte od 1.8. 2025 storno 25 % z celkov\u00e9 ceny t\u00e1bora<\/li>\n\n\n\n<li>p\u0159i zru\u0161en\u00ed pobytu v dob\u011b kon\u00e1n\u00ed t\u00e1bora, p\u0159ed\u010dasn\u00e9ho odjezdu apod. se platba ani pom\u011brn\u00e1 \u010d\u00e1st nevrac\u00ed,<\/li>\n\n\n\n<li>mo\u017enost nahl\u00e1\u0161en\u00ed n\u00e1hradn\u00edka ve stejn\u00e9 v\u011bkov\u00e9 kategorii<\/li>\n<\/ul>\n\n\n\n<div style=\"height:66px\" aria-hidden=\"true\" class=\"wp-block-spacer\"><\/div>\n\n\n\n<h3 class=\"wp-block-heading has-text-align-center\">Praktick\u00e9 informace<\/h3>\n\n\n\n<div style=\"height:13px\" aria-hidden=\"true\" class=\"wp-block-spacer\"><\/div>\n\n\n\n<p>Ka\u017ed\u00fd t\u00e1bor za\u010d\u00edn\u00e1 v\u017edy v pond\u011bl\u00ed a kon\u010d\u00ed v p\u00e1tek. Sraz je ve fotbalov\u00e9m are\u00e1lu Bor\u0161ov nad Vltavou ka\u017ed\u00fd den od 7:30 \u2013 8:30 hod. Vyzved\u00e1v\u00e1n\u00ed PO \u2013 \u010cT 15:30 \u2013 16:30, P\u00c1 od 14:30 \u2013 15:30 hod. Adresa: \u0160umavsk\u00e1 101, 373 82 Bor\u0161ov nad Vltavou.<\/p>\n\n\n\n<ul class=\"wp-block-list\">\n<li>Po domluv\u011b s organiz\u00e1torem akce je mo\u017en\u00e9 se domluvit individu\u00e1ln\u011b.<\/li>\n<\/ul>\n\n\n\n<p>Co s sebou:<\/p>\n\n\n\n<p>Na t\u00e1bory vybavte d\u011bi vhodn\u00fdm sportovn\u00edm oble\u010den\u00edm, obuv\u00ed, n\u00e1hradn\u00edm oble\u010den\u00edm a lahv\u00ed na pit\u00ed. Drah\u00e9 zna\u010dkov\u00e9 oble\u010den\u00ed nechte rad\u011bji doma, aby nedo\u0161lo k jeho po\u0161kozen\u00ed. Nedoporu\u010dujeme d\u00e1vat d\u011btem s sebou mobiln\u00ed telefony nebo jin\u00e9 drah\u00e9 v\u011bci. V hodin\u00e1ch t\u00e1bora budou telefony zak\u00e1z\u00e1ny. Pokud je d\u00edt\u011b p\u0159esto bude m\u00edt, organiz\u00e1tor nenese odpov\u011bdnost za jejich p\u0159\u00edpadn\u00e9 odcizen\u00ed nebo po\u0161kozen\u00ed. O p\u0159\u00edpadn\u00fdch dal\u0161\u00edch v\u011bcech (plavky, pl\u00e1\u0161t\u011bnka, jin\u00e1 obuv, bahot,..) v\u00e1s budou organiz\u00e1to\u0159i informovat b\u011bhem t\u00e1bora.<\/p>\n\n\n\n<div id=\"rnef_69f28c7885682\" class=\"RNEasyFormContainer\" data-varid=\"69f28c7885682\"><\/div>\n","protected":false},"excerpt":{"rendered":"<p>Cena zahrnuje: celodenn\u00ed stravu (sva\u010dinu, ob\u011bd, sva\u010dinu) a pitn\u00fd re\u017eim, v\u00fdlety, celot\u00fddenn\u00ed interak\\vn\u00ed program, vstupn\u00e9,t\u00e1borov\u00e9 d\u00e1rky, person\u00e1ln\u00ed zabezpe\u010den\u00ed Zp\u016fsob \u00fahrady: Cena: 4000 K\u010d, platbu je nutn\u00e9 prov\u00e9st nejpozd\u011bji do 30.6.2025 Storno podm\u00ednky: Praktick\u00e9 informace Ka\u017ed\u00fd t\u00e1bor za\u010d\u00edn\u00e1 v\u017edy v pond\u011bl\u00ed a kon\u010d\u00ed v p\u00e1tek. Sraz je ve fotbalov\u00e9m are\u00e1lu Bor\u0161ov nad Vltavou ka\u017ed\u00fd den od [&hellip;]<\/p>\n","protected":false},"author":1,"featured_media":0,"parent":0,"menu_order":0,"comment_status":"closed","ping_status":"closed","template":"","meta":{"footnotes":""},"class_list":["post-870","page","type-page","status-publish","hentry"],"_links":{"self":[{"href":"https:\/\/akcnejc.cz\/index.php\/wp-json\/wp\/v2\/pages\/870","targetHints":{"allow":["GET"]}}],"collection":[{"href":"https:\/\/akcnejc.cz\/index.php\/wp-json\/wp\/v2\/pages"}],"about":[{"href":"https:\/\/akcnejc.cz\/index.php\/wp-json\/wp\/v2\/types\/page"}],"author":[{"embeddable":true,"href":"https:\/\/akcnejc.cz\/index.php\/wp-json\/wp\/v2\/users\/1"}],"replies":[{"embeddable":true,"href":"https:\/\/akcnejc.cz\/index.php\/wp-json\/wp\/v2\/comments?post=870"}],"version-history":[{"count":3,"href":"https:\/\/akcnejc.cz\/index.php\/wp-json\/wp\/v2\/pages\/870\/revisions"}],"predecessor-version":[{"id":1091,"href":"https:\/\/akcnejc.cz\/index.php\/wp-json\/wp\/v2\/pages\/870\/revisions\/1091"}],"wp:attachment":[{"href":"https:\/\/akcnejc.cz\/index.php\/wp-json\/wp\/v2\/media?parent=870"}],"curies":[{"name":"wp","href":"https:\/\/api.w.org\/{rel}","templated":true}]}}